{"id":298,"date":"2024-08-06T19:45:51","date_gmt":"2024-08-06T17:45:51","guid":{"rendered":"https:\/\/www.fabricole.fr\/?page_id=298"},"modified":"2024-08-14T01:56:16","modified_gmt":"2024-08-13T23:56:16","slug":"pour-me-suivre","status":"publish","type":"page","link":"https:\/\/www.fabricole.fr\/index.php\/pour-me-suivre\/","title":{"rendered":"Pour me suivre"},"content":{"rendered":"\n<p>Sur Twitter : <a href=\"https:\/\/twitter.com\/fabricole59\">@fabricole59<\/a><\/p>\n\n\n\n<p>Sur Facebook : <a href=\"https:\/\/www.facebook.com\/Fabricole59\/\">Fabricole59<\/a><\/p>\n\n\n\n<p>Sur Instagram : <a href=\"https:\/\/www.instagram.com\/fabricole59\/\">fabricole59<\/a><\/p>\n\n\n\n<p>Pour participer aux r\u00e9flexions sur le FabLab \u00e0 l&rsquo;\u00e9cole, rejoignez-moi sur le groupe Facebook : <a href=\"https:\/\/www.facebook.com\/groups\/1575272713019994\">FabLab \u00e0 l&rsquo;\u00e9cole<\/a><\/p>\n\n\n\n<p><\/p>\n","protected":false},"excerpt":{"rendered":"<p>Sur Twitter : @fabricole59 Sur Facebook : Fabricole59 Sur Instagram : fabricole59 Pour participer aux r\u00e9flexions sur le FabLab \u00e0 l&rsquo;\u00e9cole, rejoignez-moi sur le groupe Facebook : FabLab \u00e0 l&rsquo;\u00e9cole<\/p>\n","protected":false},"author":1,"featured_media":0,"parent":0,"menu_order":0,"comment_status":"closed","ping_status":"closed","template":"","meta":{"footnotes":""},"class_list":["post-298","page","type-page","status-publish","hentry"],"_links":{"self":[{"href":"https:\/\/www.fabricole.fr\/index.php\/wp-json\/wp\/v2\/pages\/298","targetHints":{"allow":["GET"]}}],"collection":[{"href":"https:\/\/www.fabricole.fr\/index.php\/wp-json\/wp\/v2\/pages"}],"about":[{"href":"https:\/\/www.fabricole.fr\/index.php\/wp-json\/wp\/v2\/types\/page"}],"author":[{"embeddable":true,"href":"https:\/\/www.fabricole.fr\/index.php\/wp-json\/wp\/v2\/users\/1"}],"replies":[{"embeddable":true,"href":"https:\/\/www.fabricole.fr\/index.php\/wp-json\/wp\/v2\/comments?post=298"}],"version-history":[{"count":3,"href":"https:\/\/www.fabricole.fr\/index.php\/wp-json\/wp\/v2\/pages\/298\/revisions"}],"predecessor-version":[{"id":341,"href":"https:\/\/www.fabricole.fr\/index.php\/wp-json\/wp\/v2\/pages\/298\/revisions\/341"}],"wp:attachment":[{"href":"https:\/\/www.fabricole.fr\/index.php\/wp-json\/wp\/v2\/media?parent=298"}],"curies":[{"name":"wp","href":"https:\/\/api.w.org\/{rel}","templated":true}]}}